{"id":824,"date":"2026-03-27T13:38:13","date_gmt":"2026-03-27T12:38:13","guid":{"rendered":"https:\/\/flamme-et-style.fr\/?page_id=824"},"modified":"2026-03-31T12:39:11","modified_gmt":"2026-03-31T10:39:11","slug":"mentions-legales","status":"publish","type":"page","link":"https:\/\/flamme-et-style.fr\/?page_id=824","title":{"rendered":"Mentions l\u00e9gales"},"content":{"rendered":"\t\t<div data-elementor-type=\"wp-page\" data-elementor-id=\"824\" class=\"elementor elementor-824\">\n\t\t\t\t\t\t<section class=\"elementor-section elementor-top-section elementor-element elementor-element-3d84abb elementor-section-boxed elementor-section-height-default elementor-section-height-default\" data-id=\"3d84abb\" data-element_type=\"section\" data-e-type=\"section\">\n\t\t\t\t\t\t<div class=\"elementor-container elementor-column-gap-default\">\n\t\t\t\t\t<div class=\"elementor-column elementor-col-100 elementor-top-column elementor-element elementor-element-8da80e4\" data-id=\"8da80e4\" data-element_type=\"column\" data-e-type=\"column\">\n\t\t\t<div class=\"elementor-widget-wrap elementor-element-populated\">\n\t\t\t\t\t\t<div class=\"elementor-element elementor-element-1f7ffd1 elementor-widget elementor-widget-text-editor\" data-id=\"1f7ffd1\" data-element_type=\"widget\" data-e-type=\"widget\" data-widget_type=\"text-editor.default\">\n\t\t\t\t<div class=\"elementor-widget-container\">\n\t\t\t\t\t\t\t\t\t<p><strong>MENTIONS L\u00c9GALES<\/strong><\/p><p><strong>1. \u00c9diteur du site<\/strong><\/p><p>Raison sociale : FLAMME ET STYLE<br \/>Forme juridique : EURL\u00a0<br \/>Capital social : 3000 \u20ac<br \/>Si\u00e8ge social : 103 bis rue de Gordon et de Meillant 77111 Soignolles-en-Brie<br \/>SIREN : 899 123 871<br \/>RCS : Melun<br \/>Num\u00e9ro de TVA intracommunautaire : FR87899123871<br \/>T\u00e9l\u00e9phone : 07 49 15 80 19<br \/>Email : <a href=\"mailto:contact@flamme-et-style.fr\" target=\"_blank\" rel=\"noopener noreferrer\">contact@flamme-et-style.fr<\/a> <br \/>Directeur de la publication : Gael Hubert<\/p><p><strong>2. H\u00e9bergeur<\/strong><\/p><p>H\u00e9bergeur : OVHcloud<br \/>Adresse : 2 rue Kellermann, 59100 Roubaix, France<br \/>T\u00e9l\u00e9phone : 1007<\/p><p><strong>3. Propri\u00e9t\u00e9 intellectuelle<\/strong><\/p><p>L&rsquo;ensemble du contenu de ce site (textes, images, vid\u00e9os, logos, graphismes) est la propri\u00e9t\u00e9 exclusive de FLAMME ET STYLE, sauf mention contraire. Toute reproduction, repr\u00e9sentation, modification ou exploitation, m\u00eame partielle, sans autorisation \u00e9crite pr\u00e9alable est interdite et constitue une contrefa\u00e7on sanctionn\u00e9e par les articles L.335-2 et suivants du Code de la propri\u00e9t\u00e9 intellectuelle.<\/p><p><strong>4. Limitation de responsabilit\u00e9<\/strong><\/p><p>FLAMME ET STYLE s&rsquo;efforce d&rsquo;assurer l&rsquo;exactitude des informations diffus\u00e9es sur ce site. Toutefois, elle ne peut garantir l&rsquo;exactitude, la compl\u00e9tude et l&rsquo;actualit\u00e9 de ces informations. La soci\u00e9t\u00e9 FLAMME ET STYLE d\u00e9cline toute responsabilit\u00e9 pour tout dommage r\u00e9sultant de l&rsquo;utilisation du site.\u00a0<\/p><p><strong>5. Donn\u00e9es personnelles<\/strong><\/p><p>Les donn\u00e9es personnelles collect\u00e9es via le formulaire de contact sont destin\u00e9es exclusivement \u00e0 FLAMME ET STYLE et ne sont transmises \u00e0 aucun tiers.<\/p><p>Les donn\u00e9es sont conserv\u00e9es pendant une dur\u00e9e maximale de 3 ans.<\/p><p>Conform\u00e9ment au R\u00e8glement G\u00e9n\u00e9ral sur la Protection des Donn\u00e9es (RGPD) et \u00e0 la loi Informatique et Libert\u00e9s, vous disposez d&rsquo;un droit d&rsquo;acc\u00e8s, de rectification, de suppression et de portabilit\u00e9 de vos donn\u00e9es.<\/p><p>Vous disposez \u00e9galement du droit d\u2019introduire une r\u00e9clamation aupr\u00e8s de la CNIL.<\/p><p>Pour exercer ces droits, contactez-nous \u00e0 : contact@flamme-et-style.fr.<\/p><p><strong>6. Cookies<\/strong><\/p><p>Ce site utilise des cookies strictement n\u00e9cessaires \u00e0 son fonctionnement ainsi que des cookies de services tiers (notamment Instagram) soumis \u00e0 votre consentement.<\/p><p>Lors de votre premi\u00e8re visite, un bandeau vous permet d\u2019accepter ou de refuser l\u2019utilisation de ces cookies. Vous pouvez \u00e0 tout moment modifier vos pr\u00e9f\u00e9rences.<\/p><p><strong>7. Droit applicable<\/strong><\/p><p>Les pr\u00e9sentes mentions l\u00e9gales sont soumises au droit fran\u00e7ais. En cas de litige, les tribunaux fran\u00e7ais seront seuls comp\u00e9tents.<\/p>\t\t\t\t\t\t\t\t<\/div>\n\t\t\t\t<\/div>\n\t\t\t\t\t<\/div>\n\t\t<\/div>\n\t\t\t\t\t<\/div>\n\t\t<\/section>\n\t\t\t\t<\/div>\n\t\t","protected":false},"excerpt":{"rendered":"<p>MENTIONS L\u00c9GALES 1. \u00c9diteur du site Raison sociale : FLAMME ET STYLEForme juridique : EURL\u00a0Capital social : 3000 \u20acSi\u00e8ge social : 103 bis rue de Gordon et de Meillant 77111 Soignolles-en-BrieSIREN : 899 123 871RCS : MelunNum\u00e9ro de TVA intracommunautaire : FR87899123871T\u00e9l\u00e9phone : 07 49 15 80 19Email : contact@flamme-et-style.fr Directeur de la publication : [&hellip;]<\/p>\n","protected":false},"author":1,"featured_media":0,"parent":0,"menu_order":0,"comment_status":"closed","ping_status":"closed","template":"","meta":{"footnotes":""},"class_list":["post-824","page","type-page","status-publish","hentry"],"_links":{"self":[{"href":"https:\/\/flamme-et-style.fr\/index.php?rest_route=\/wp\/v2\/pages\/824","targetHints":{"allow":["GET"]}}],"collection":[{"href":"https:\/\/flamme-et-style.fr\/index.php?rest_route=\/wp\/v2\/pages"}],"about":[{"href":"https:\/\/flamme-et-style.fr\/index.php?rest_route=\/wp\/v2\/types\/page"}],"author":[{"embeddable":true,"href":"https:\/\/flamme-et-style.fr\/index.php?rest_route=\/wp\/v2\/users\/1"}],"replies":[{"embeddable":true,"href":"https:\/\/flamme-et-style.fr\/index.php?rest_route=%2Fwp%2Fv2%2Fcomments&post=824"}],"version-history":[{"count":41,"href":"https:\/\/flamme-et-style.fr\/index.php?rest_route=\/wp\/v2\/pages\/824\/revisions"}],"predecessor-version":[{"id":975,"href":"https:\/\/flamme-et-style.fr\/index.php?rest_route=\/wp\/v2\/pages\/824\/revisions\/975"}],"wp:attachment":[{"href":"https:\/\/flamme-et-style.fr\/index.php?rest_route=%2Fwp%2Fv2%2Fmedia&parent=824"}],"curies":[{"name":"wp","href":"https:\/\/api.w.org\/{rel}","templated":true}]}}