{"id":470,"date":"2026-03-25T16:12:37","date_gmt":"2026-03-25T15:12:37","guid":{"rendered":"https:\/\/flamme-et-style.fr\/?post_type=product&#038;p=470"},"modified":"2026-03-28T15:03:02","modified_gmt":"2026-03-28T14:03:02","slug":"corte-etanche-wi-fi","status":"publish","type":"product","link":"https:\/\/flamme-et-style.fr\/?product=corte-etanche-wi-fi","title":{"rendered":"CORTE \u00c9tanche Wi-Fi"},"content":{"rendered":"<p>Gris &#8211; C077GX09 &#8211; 3244330128103<br \/>\nNoir &#8211; C077GX06 &#8211; 3244330128073<\/p>\n<p>Norme : EN14785<br \/>\nPuissance : 3,2 \u00e0 6,4 kW<br \/>\nRendement : 91,8 \u00e0 92%<br \/>\nTaux de CO : 150 &#8211; 300 mg\/Nm\u00b3<br \/>\nCapacit\u00e9 de la tr\u00e9mie : 14 kg<br \/>\nAutonomie : 9,5 \u00e0 18,5 heures<br \/>\nSortie des fum\u00e9es : dessus concentrique<br \/>\nDimensions : H 109 x L 58 x P 61 cm<br \/>\nSurface de chauffe : 25 \u00e0 70 m2<br \/>\nVolume de chauffe : 65 \u00e0 180 m3<br \/>\nGarantie : 2 ans<br \/>\nPoids : 121 kg<\/p>\n","protected":false},"excerpt":{"rendered":"<p>Gris &#8211; C077GX09 &#8211; 3244330128103 Noir &#8211; C077GX06 &#8211; 3244330128073 Norme : EN14785 Puissance : 3,2 \u00e0 6,4 kW Rendement : 91,8 \u00e0 92% Taux de CO : 150 &#8211; 300 mg\/Nm\u00b3 Capacit\u00e9 de la tr\u00e9mie : 14 kg Autonomie : 9,5 \u00e0 18,5 heures Sortie des fum\u00e9es : dessus concentrique Dimensions : H 109 [&hellip;]<\/p>\n","protected":false},"featured_media":928,"comment_status":"open","ping_status":"closed","template":"","meta":[],"product_brand":[],"product_cat":[20],"product_tag":[],"class_list":{"0":"post-470","1":"product","2":"type-product","3":"status-publish","4":"has-post-thumbnail","6":"product_cat-poele-a-granules","8":"first","9":"instock","10":"shipping-taxable","11":"product-type-simple"},"_links":{"self":[{"href":"https:\/\/flamme-et-style.fr\/index.php?rest_route=\/wp\/v2\/product\/470","targetHints":{"allow":["GET"]}}],"collection":[{"href":"https:\/\/flamme-et-style.fr\/index.php?rest_route=\/wp\/v2\/product"}],"about":[{"href":"https:\/\/flamme-et-style.fr\/index.php?rest_route=\/wp\/v2\/types\/product"}],"replies":[{"embeddable":true,"href":"https:\/\/flamme-et-style.fr\/index.php?rest_route=%2Fwp%2Fv2%2Fcomments&post=470"}],"wp:featuredmedia":[{"embeddable":true,"href":"https:\/\/flamme-et-style.fr\/index.php?rest_route=\/wp\/v2\/media\/928"}],"wp:attachment":[{"href":"https:\/\/flamme-et-style.fr\/index.php?rest_route=%2Fwp%2Fv2%2Fmedia&parent=470"}],"wp:term":[{"taxonomy":"product_brand","embeddable":true,"href":"https:\/\/flamme-et-style.fr\/index.php?rest_route=%2Fwp%2Fv2%2Fproduct_brand&post=470"},{"taxonomy":"product_cat","embeddable":true,"href":"https:\/\/flamme-et-style.fr\/index.php?rest_route=%2Fwp%2Fv2%2Fproduct_cat&post=470"},{"taxonomy":"product_tag","embeddable":true,"href":"https:\/\/flamme-et-style.fr\/index.php?rest_route=%2Fwp%2Fv2%2Fproduct_tag&post=470"}],"curies":[{"name":"wp","href":"https:\/\/api.w.org\/{rel}","templated":true}]}}