{"id":471,"date":"2026-03-25T16:14:40","date_gmt":"2026-03-25T15:14:40","guid":{"rendered":"https:\/\/flamme-et-style.fr\/?post_type=product&#038;p=471"},"modified":"2026-03-28T14:39:26","modified_gmt":"2026-03-28T13:39:26","slug":"aduro-9-3-lux","status":"publish","type":"product","link":"https:\/\/flamme-et-style.fr\/?product=aduro-9-3-lux","title":{"rendered":"Aduro 9.3 Lux"},"content":{"rendered":"<p>Puissance nominale 8,0 kW<br \/>\nRendement &gt; 80 %<br \/>\nSurface chauff\u00e9e 30-140 m2<br \/>\nLargeur du foyer 40 cm<br \/>\nDimensions 114 x 50 x 45,8 cm<br \/>\nPoids 108 kg<br \/>\nCouleur Noir<br \/>\nAduro-tronic automatique<br \/>\nPr\u00e9par\u00e9 pour l\u2019alimentation en air externe<br \/>\nETAS 70 %<br \/>\nRef. produit 50301<br \/>\nEAN 5704065008425<\/p>\n","protected":false},"excerpt":{"rendered":"<p>Puissance nominale 8,0 kW Rendement &gt; 80 % Surface chauff\u00e9e 30-140 m2 Largeur du foyer 40 cm Dimensions 114 x 50 x 45,8 cm Poids 108 kg Couleur Noir Aduro-tronic automatique Pr\u00e9par\u00e9 pour l\u2019alimentation en air externe ETAS 70 % Ref. produit 50301 EAN 5704065008425<\/p>\n","protected":false},"featured_media":912,"comment_status":"open","ping_status":"closed","template":"","meta":[],"product_brand":[],"product_cat":[19],"product_tag":[],"class_list":{"0":"post-471","1":"product","2":"type-product","3":"status-publish","4":"has-post-thumbnail","6":"product_cat-poele-a-bois","8":"first","9":"instock","10":"shipping-taxable","11":"product-type-simple"},"_links":{"self":[{"href":"https:\/\/flamme-et-style.fr\/index.php?rest_route=\/wp\/v2\/product\/471","targetHints":{"allow":["GET"]}}],"collection":[{"href":"https:\/\/flamme-et-style.fr\/index.php?rest_route=\/wp\/v2\/product"}],"about":[{"href":"https:\/\/flamme-et-style.fr\/index.php?rest_route=\/wp\/v2\/types\/product"}],"replies":[{"embeddable":true,"href":"https:\/\/flamme-et-style.fr\/index.php?rest_route=%2Fwp%2Fv2%2Fcomments&post=471"}],"wp:featuredmedia":[{"embeddable":true,"href":"https:\/\/flamme-et-style.fr\/index.php?rest_route=\/wp\/v2\/media\/912"}],"wp:attachment":[{"href":"https:\/\/flamme-et-style.fr\/index.php?rest_route=%2Fwp%2Fv2%2Fmedia&parent=471"}],"wp:term":[{"taxonomy":"product_brand","embeddable":true,"href":"https:\/\/flamme-et-style.fr\/index.php?rest_route=%2Fwp%2Fv2%2Fproduct_brand&post=471"},{"taxonomy":"product_cat","embeddable":true,"href":"https:\/\/flamme-et-style.fr\/index.php?rest_route=%2Fwp%2Fv2%2Fproduct_cat&post=471"},{"taxonomy":"product_tag","embeddable":true,"href":"https:\/\/flamme-et-style.fr\/index.php?rest_route=%2Fwp%2Fv2%2Fproduct_tag&post=471"}],"curies":[{"name":"wp","href":"https:\/\/api.w.org\/{rel}","templated":true}]}}