{"id":674,"date":"2026-03-26T15:21:24","date_gmt":"2026-03-26T14:21:24","guid":{"rendered":"https:\/\/flamme-et-style.fr\/?post_type=product&#038;p=674"},"modified":"2026-03-28T16:07:56","modified_gmt":"2026-03-28T15:07:56","slug":"toron-50","status":"publish","type":"product","link":"https:\/\/flamme-et-style.fr\/?product=toron-50","title":{"rendered":"TORON 50"},"content":{"rendered":"<p>Ref. C07768-06<br \/>\nEAN 3244330110542<\/p>\n<p>&#8211; 100% Fonte<br \/>\nMat\u00e9riau durable et 100% recyclable, la fonte est le<br \/>\nmat\u00e9riau id\u00e9al pour le chauffage car il poss\u00e8de une<br \/>\nexcellente conductivit\u00e9 thermique et une forte<br \/>\ninertie<\/p>\n<p>&#8211; Raccordable<br \/>\nL\u2019arriv\u00e9e d\u2019air frais peut \u00eatre connect\u00e9e directement<br \/>\nsur le po\u00eale depuis le vide<br \/>\nsanitaire ou en prise d\u2019air ext\u00e9rieur<\/p>\n<p>&#8211; Post-combustion<br \/>\nL\u2019arriv\u00e9e d\u2019air suppl\u00e9mentaire par l\u2019arri\u00e8re permet<br \/>\nde d\u00e9truire les hydrocarbures \u00e0 haute temp\u00e9rature.<br \/>\nLa combustion est compl\u00e8te et la pollution r\u00e9duite<\/p>\n<p>&#8211; Garantie constructeur 2 ans +<br \/>\nGarantie commerciale 3 ans<br \/>\nsi enregistrement du produit<\/p>\n","protected":false},"excerpt":{"rendered":"<p>Ref. C07768-06 EAN 3244330110542 &#8211; 100% Fonte Mat\u00e9riau durable et 100% recyclable, la fonte est le mat\u00e9riau id\u00e9al pour le chauffage car il poss\u00e8de une excellente conductivit\u00e9 thermique et une forte inertie &#8211; Raccordable L\u2019arriv\u00e9e d\u2019air frais peut \u00eatre connect\u00e9e directement sur le po\u00eale depuis le vide sanitaire ou en prise d\u2019air ext\u00e9rieur &#8211; Post-combustion [&hellip;]<\/p>\n","protected":false},"featured_media":941,"comment_status":"open","ping_status":"closed","template":"","meta":[],"product_brand":[],"product_cat":[19],"product_tag":[],"class_list":{"0":"post-674","1":"product","2":"type-product","3":"status-publish","4":"has-post-thumbnail","6":"product_cat-poele-a-bois","8":"first","9":"instock","10":"shipping-taxable","11":"product-type-simple"},"_links":{"self":[{"href":"https:\/\/flamme-et-style.fr\/index.php?rest_route=\/wp\/v2\/product\/674","targetHints":{"allow":["GET"]}}],"collection":[{"href":"https:\/\/flamme-et-style.fr\/index.php?rest_route=\/wp\/v2\/product"}],"about":[{"href":"https:\/\/flamme-et-style.fr\/index.php?rest_route=\/wp\/v2\/types\/product"}],"replies":[{"embeddable":true,"href":"https:\/\/flamme-et-style.fr\/index.php?rest_route=%2Fwp%2Fv2%2Fcomments&post=674"}],"wp:featuredmedia":[{"embeddable":true,"href":"https:\/\/flamme-et-style.fr\/index.php?rest_route=\/wp\/v2\/media\/941"}],"wp:attachment":[{"href":"https:\/\/flamme-et-style.fr\/index.php?rest_route=%2Fwp%2Fv2%2Fmedia&parent=674"}],"wp:term":[{"taxonomy":"product_brand","embeddable":true,"href":"https:\/\/flamme-et-style.fr\/index.php?rest_route=%2Fwp%2Fv2%2Fproduct_brand&post=674"},{"taxonomy":"product_cat","embeddable":true,"href":"https:\/\/flamme-et-style.fr\/index.php?rest_route=%2Fwp%2Fv2%2Fproduct_cat&post=674"},{"taxonomy":"product_tag","embeddable":true,"href":"https:\/\/flamme-et-style.fr\/index.php?rest_route=%2Fwp%2Fv2%2Fproduct_tag&post=674"}],"curies":[{"name":"wp","href":"https:\/\/api.w.org\/{rel}","templated":true}]}}