{"id":675,"date":"2026-03-26T15:22:33","date_gmt":"2026-03-26T14:22:33","guid":{"rendered":"https:\/\/flamme-et-style.fr\/?post_type=product&#038;p=675"},"modified":"2026-03-28T14:51:03","modified_gmt":"2026-03-28T13:51:03","slug":"bradford","status":"publish","type":"product","link":"https:\/\/flamme-et-style.fr\/?product=bradford","title":{"rendered":"BRADFORD"},"content":{"rendered":"<p>Ref. P917347\u00a0 EAN 3244339173470<\/p>\n<p>&#8211; Bradfordaffiche sans rougir un style<br \/>\nintemporel. Ses lignes \u00e0 la fois classiques<br \/>\net actuelles jouent la discr\u00e9tion.<\/p>\n<p>&#8211; 100% Fonte<\/p>\n<p>&#8211; Air secondaire r\u00e9glable<\/p>\n<p>&#8211; Garantie constructeur 2 ans +<br \/>\nGarantie commerciale 3 ans<br \/>\nsi enregistrement du produit<\/p>\n","protected":false},"excerpt":{"rendered":"<p>Ref. P917347\u00a0 EAN 3244339173470 &#8211; Bradfordaffiche sans rougir un style intemporel. Ses lignes \u00e0 la fois classiques et actuelles jouent la discr\u00e9tion. &#8211; 100% Fonte &#8211; Air secondaire r\u00e9glable &#8211; Garantie constructeur 2 ans + Garantie commerciale 3 ans si enregistrement du produit<\/p>\n","protected":false},"featured_media":919,"comment_status":"open","ping_status":"closed","template":"","meta":[],"product_brand":[],"product_cat":[19],"product_tag":[],"class_list":{"0":"post-675","1":"product","2":"type-product","3":"status-publish","4":"has-post-thumbnail","6":"product_cat-poele-a-bois","8":"first","9":"instock","10":"shipping-taxable","11":"product-type-simple"},"_links":{"self":[{"href":"https:\/\/flamme-et-style.fr\/index.php?rest_route=\/wp\/v2\/product\/675","targetHints":{"allow":["GET"]}}],"collection":[{"href":"https:\/\/flamme-et-style.fr\/index.php?rest_route=\/wp\/v2\/product"}],"about":[{"href":"https:\/\/flamme-et-style.fr\/index.php?rest_route=\/wp\/v2\/types\/product"}],"replies":[{"embeddable":true,"href":"https:\/\/flamme-et-style.fr\/index.php?rest_route=%2Fwp%2Fv2%2Fcomments&post=675"}],"wp:featuredmedia":[{"embeddable":true,"href":"https:\/\/flamme-et-style.fr\/index.php?rest_route=\/wp\/v2\/media\/919"}],"wp:attachment":[{"href":"https:\/\/flamme-et-style.fr\/index.php?rest_route=%2Fwp%2Fv2%2Fmedia&parent=675"}],"wp:term":[{"taxonomy":"product_brand","embeddable":true,"href":"https:\/\/flamme-et-style.fr\/index.php?rest_route=%2Fwp%2Fv2%2Fproduct_brand&post=675"},{"taxonomy":"product_cat","embeddable":true,"href":"https:\/\/flamme-et-style.fr\/index.php?rest_route=%2Fwp%2Fv2%2Fproduct_cat&post=675"},{"taxonomy":"product_tag","embeddable":true,"href":"https:\/\/flamme-et-style.fr\/index.php?rest_route=%2Fwp%2Fv2%2Fproduct_tag&post=675"}],"curies":[{"name":"wp","href":"https:\/\/api.w.org\/{rel}","templated":true}]}}