{"id":678,"date":"2026-03-26T15:54:05","date_gmt":"2026-03-26T14:54:05","guid":{"rendered":"https:\/\/flamme-et-style.fr\/?post_type=product&#038;p=678"},"modified":"2026-03-28T15:47:11","modified_gmt":"2026-03-28T14:47:11","slug":"ovatio","status":"publish","type":"product","link":"https:\/\/flamme-et-style.fr\/?product=ovatio","title":{"rendered":"OVATIO"},"content":{"rendered":"<p>Ref. P614904<br \/>\nEAN 3244336149041<\/p>\n<p>&#8211; Le style unique et les belles performances<br \/>\nde ce nouvel acteur de votre confort<br \/>\n\u00e9nerg\u00e9tique susciteront enthousiasme et<br \/>\nadmiration.<br \/>\n&#8211; 100% Fonte<br \/>\n&#8211; Air secondaire r\u00e9glable<br \/>\n&#8211; Garantie constructeur 2 ans +<br \/>\nGarantie commerciale 3 ans<br \/>\nsi enregistrement du produit<\/p>\n","protected":false},"excerpt":{"rendered":"<p>Ref. P614904 EAN 3244336149041 &#8211; Le style unique et les belles performances de ce nouvel acteur de votre confort \u00e9nerg\u00e9tique susciteront enthousiasme et admiration. &#8211; 100% Fonte &#8211; Air secondaire r\u00e9glable &#8211; Garantie constructeur 2 ans + Garantie commerciale 3 ans si enregistrement du produit<\/p>\n","protected":false},"featured_media":937,"comment_status":"open","ping_status":"closed","template":"","meta":[],"product_brand":[],"product_cat":[19],"product_tag":[],"class_list":{"0":"post-678","1":"product","2":"type-product","3":"status-publish","4":"has-post-thumbnail","6":"product_cat-poele-a-bois","8":"first","9":"instock","10":"shipping-taxable","11":"product-type-simple"},"_links":{"self":[{"href":"https:\/\/flamme-et-style.fr\/index.php?rest_route=\/wp\/v2\/product\/678","targetHints":{"allow":["GET"]}}],"collection":[{"href":"https:\/\/flamme-et-style.fr\/index.php?rest_route=\/wp\/v2\/product"}],"about":[{"href":"https:\/\/flamme-et-style.fr\/index.php?rest_route=\/wp\/v2\/types\/product"}],"replies":[{"embeddable":true,"href":"https:\/\/flamme-et-style.fr\/index.php?rest_route=%2Fwp%2Fv2%2Fcomments&post=678"}],"wp:featuredmedia":[{"embeddable":true,"href":"https:\/\/flamme-et-style.fr\/index.php?rest_route=\/wp\/v2\/media\/937"}],"wp:attachment":[{"href":"https:\/\/flamme-et-style.fr\/index.php?rest_route=%2Fwp%2Fv2%2Fmedia&parent=678"}],"wp:term":[{"taxonomy":"product_brand","embeddable":true,"href":"https:\/\/flamme-et-style.fr\/index.php?rest_route=%2Fwp%2Fv2%2Fproduct_brand&post=678"},{"taxonomy":"product_cat","embeddable":true,"href":"https:\/\/flamme-et-style.fr\/index.php?rest_route=%2Fwp%2Fv2%2Fproduct_cat&post=678"},{"taxonomy":"product_tag","embeddable":true,"href":"https:\/\/flamme-et-style.fr\/index.php?rest_route=%2Fwp%2Fv2%2Fproduct_tag&post=678"}],"curies":[{"name":"wp","href":"https:\/\/api.w.org\/{rel}","templated":true}]}}