{"id":682,"date":"2026-03-26T16:03:50","date_gmt":"2026-03-26T15:03:50","guid":{"rendered":"https:\/\/flamme-et-style.fr\/?post_type=product&#038;p=682"},"modified":"2026-04-10T18:55:15","modified_gmt":"2026-04-10T16:55:15","slug":"cairo-70-c-cairo-70-i","status":"publish","type":"product","link":"https:\/\/flamme-et-style.fr\/?product=cairo-70-c-cairo-70-i","title":{"rendered":"BRONPI CAIRO 70 INSERT"},"content":{"rendered":"<p>\u2013 Possibilit\u00e9 de choisir l\u2019int\u00e9rieur en vermiculite ou Firetek.<br \/>\n\u2013 Porte et grille en fonte.<br \/>\n\u2013 Vitre s\u00e9rigraphi\u00e9 noir.<br \/>\n\u2013 Comprend une turbine de 270 m3\/h.<br \/>\n\u2013 Silencieux. Possibilit\u00e9 de d\u00e9connexion totale de la turbine.<br \/>\n\u2013 Collier de sortie de fum\u00e9e amovible. Id\u00e9al pour ins\u00e9rer dans des chemin\u00e9es en ma\u00e7onnerie<br \/>\n\u2013 R\u00e9gulation de l\u2019air de combustion primaire, secondaire et de la triple combustion.<br \/>\n\u2013 Syst\u00e8me de Triple Combustion.<br \/>\n\u2013 Avec possibilit\u00e9 de canaliser (comprend 2 sorties pour canaliser l\u2019air jusqu\u2019\u00e0 3 m\u00e8tres et 2 colliers de<br \/>\ncanalisation)<br \/>\n\u2013 Comprend un gant et peinture en spray.<\/p>\n","protected":false},"excerpt":{"rendered":"<p><a href=\"https:\/\/flamme-et-style.fr\/wp-content\/uploads\/2026\/03\/INSERT-CAIRO-70-SITE-INTERNET.pdf\">Fiche Technique<\/a><\/p>\n","protected":false},"featured_media":927,"comment_status":"open","ping_status":"closed","template":"","meta":[],"product_brand":[],"product_cat":[21],"product_tag":[],"class_list":{"0":"post-682","1":"product","2":"type-product","3":"status-publish","4":"has-post-thumbnail","6":"product_cat-insert","8":"first","9":"instock","10":"shipping-taxable","11":"product-type-simple"},"_links":{"self":[{"href":"https:\/\/flamme-et-style.fr\/index.php?rest_route=\/wp\/v2\/product\/682","targetHints":{"allow":["GET"]}}],"collection":[{"href":"https:\/\/flamme-et-style.fr\/index.php?rest_route=\/wp\/v2\/product"}],"about":[{"href":"https:\/\/flamme-et-style.fr\/index.php?rest_route=\/wp\/v2\/types\/product"}],"replies":[{"embeddable":true,"href":"https:\/\/flamme-et-style.fr\/index.php?rest_route=%2Fwp%2Fv2%2Fcomments&post=682"}],"wp:featuredmedia":[{"embeddable":true,"href":"https:\/\/flamme-et-style.fr\/index.php?rest_route=\/wp\/v2\/media\/927"}],"wp:attachment":[{"href":"https:\/\/flamme-et-style.fr\/index.php?rest_route=%2Fwp%2Fv2%2Fmedia&parent=682"}],"wp:term":[{"taxonomy":"product_brand","embeddable":true,"href":"https:\/\/flamme-et-style.fr\/index.php?rest_route=%2Fwp%2Fv2%2Fproduct_brand&post=682"},{"taxonomy":"product_cat","embeddable":true,"href":"https:\/\/flamme-et-style.fr\/index.php?rest_route=%2Fwp%2Fv2%2Fproduct_cat&post=682"},{"taxonomy":"product_tag","embeddable":true,"href":"https:\/\/flamme-et-style.fr\/index.php?rest_route=%2Fwp%2Fv2%2Fproduct_tag&post=682"}],"curies":[{"name":"wp","href":"https:\/\/api.w.org\/{rel}","templated":true}]}}