{"id":690,"date":"2026-03-26T16:42:38","date_gmt":"2026-03-26T15:42:38","guid":{"rendered":"https:\/\/flamme-et-style.fr\/?post_type=product&#038;p=690"},"modified":"2026-04-10T18:25:38","modified_gmt":"2026-04-10T16:25:38","slug":"fifty-sur-pied-2","status":"publish","type":"product","link":"https:\/\/flamme-et-style.fr\/?product=fifty-sur-pied-2","title":{"rendered":"INVICTA FIFTY SUR PIED"},"content":{"rendered":"<p>Ref. P648044<br \/>\nEAN 3244336480441<\/p>\n<p>&#8211; L\u2019esprit et la fantaisie des jours heureux<br \/>\ns\u2019invitent dans votre int\u00e9rieur avec ce<br \/>\npo\u00eale \u00e0 bois vintage. Inspir\u00e9 des influences<br \/>\nesth\u00e9tiques des ann\u00e9es 50, Fifty vous<br \/>\ntransporte \u00e9galement dans le futur gr\u00e2ce \u00e0<br \/>\nde belles performances.<br \/>\n&#8211; 100% Fonte<br \/>\n&#8211; Air secondaire r\u00e9glable<br \/>\n&#8211; Garantie constructeur 2 ans +<br \/>\nGarantie commerciale 3 ans<br \/>\nsi enregistrement du produit<\/p>\n","protected":false},"excerpt":{"rendered":"<p><a href=\"https:\/\/flamme-et-style.fr\/wp-content\/uploads\/2026\/03\/INVICTA_FIFTY-SUR-PIED.pdf\">Fiche Technique<\/a><\/p>\n","protected":false},"featured_media":931,"comment_status":"open","ping_status":"closed","template":"","meta":[],"product_brand":[],"product_cat":[19],"product_tag":[],"class_list":{"0":"post-690","1":"product","2":"type-product","3":"status-publish","4":"has-post-thumbnail","6":"product_cat-poele-a-bois","8":"first","9":"instock","10":"shipping-taxable","11":"product-type-simple"},"_links":{"self":[{"href":"https:\/\/flamme-et-style.fr\/index.php?rest_route=\/wp\/v2\/product\/690","targetHints":{"allow":["GET"]}}],"collection":[{"href":"https:\/\/flamme-et-style.fr\/index.php?rest_route=\/wp\/v2\/product"}],"about":[{"href":"https:\/\/flamme-et-style.fr\/index.php?rest_route=\/wp\/v2\/types\/product"}],"replies":[{"embeddable":true,"href":"https:\/\/flamme-et-style.fr\/index.php?rest_route=%2Fwp%2Fv2%2Fcomments&post=690"}],"wp:featuredmedia":[{"embeddable":true,"href":"https:\/\/flamme-et-style.fr\/index.php?rest_route=\/wp\/v2\/media\/931"}],"wp:attachment":[{"href":"https:\/\/flamme-et-style.fr\/index.php?rest_route=%2Fwp%2Fv2%2Fmedia&parent=690"}],"wp:term":[{"taxonomy":"product_brand","embeddable":true,"href":"https:\/\/flamme-et-style.fr\/index.php?rest_route=%2Fwp%2Fv2%2Fproduct_brand&post=690"},{"taxonomy":"product_cat","embeddable":true,"href":"https:\/\/flamme-et-style.fr\/index.php?rest_route=%2Fwp%2Fv2%2Fproduct_cat&post=690"},{"taxonomy":"product_tag","embeddable":true,"href":"https:\/\/flamme-et-style.fr\/index.php?rest_route=%2Fwp%2Fv2%2Fproduct_tag&post=690"}],"curies":[{"name":"wp","href":"https:\/\/api.w.org\/{rel}","templated":true}]}}