{"id":691,"date":"2026-03-26T16:43:18","date_gmt":"2026-03-26T15:43:18","guid":{"rendered":"https:\/\/flamme-et-style.fr\/?post_type=product&#038;p=691"},"modified":"2026-04-10T18:15:40","modified_gmt":"2026-04-10T16:15:40","slug":"lodi-8-etanche-wifi","status":"publish","type":"product","link":"https:\/\/flamme-et-style.fr\/?product=lodi-8-etanche-wifi","title":{"rendered":"INVICTA LODI 8"},"content":{"rendered":"<p>&#8211; WiFi int\u00e9gr\u00e9 pour commander le po\u00eale<br \/>\n\u00e0 distance via smartphone<br \/>\n&#8211; Installation possible en zone 2 ou zone 3<br \/>\n(ventouse)<br \/>\n&#8211; Garantie constructeur 2 ans<br \/>\nGarantie commerciale 1 an<br \/>\nsi enregistrement du produit<\/p>\n","protected":false},"excerpt":{"rendered":"<p><a href=\"https:\/\/flamme-et-style.fr\/wp-content\/uploads\/2026\/03\/FP_LODI-8.pdf\">Fiche technique<\/a><\/p>\n","protected":false},"featured_media":1228,"comment_status":"open","ping_status":"closed","template":"","meta":[],"product_brand":[],"product_cat":[20],"product_tag":[],"class_list":{"0":"post-691","1":"product","2":"type-product","3":"status-publish","4":"has-post-thumbnail","6":"product_cat-poele-a-granules","8":"first","9":"instock","10":"shipping-taxable","11":"product-type-simple"},"_links":{"self":[{"href":"https:\/\/flamme-et-style.fr\/index.php?rest_route=\/wp\/v2\/product\/691","targetHints":{"allow":["GET"]}}],"collection":[{"href":"https:\/\/flamme-et-style.fr\/index.php?rest_route=\/wp\/v2\/product"}],"about":[{"href":"https:\/\/flamme-et-style.fr\/index.php?rest_route=\/wp\/v2\/types\/product"}],"replies":[{"embeddable":true,"href":"https:\/\/flamme-et-style.fr\/index.php?rest_route=%2Fwp%2Fv2%2Fcomments&post=691"}],"wp:featuredmedia":[{"embeddable":true,"href":"https:\/\/flamme-et-style.fr\/index.php?rest_route=\/wp\/v2\/media\/1228"}],"wp:attachment":[{"href":"https:\/\/flamme-et-style.fr\/index.php?rest_route=%2Fwp%2Fv2%2Fmedia&parent=691"}],"wp:term":[{"taxonomy":"product_brand","embeddable":true,"href":"https:\/\/flamme-et-style.fr\/index.php?rest_route=%2Fwp%2Fv2%2Fproduct_brand&post=691"},{"taxonomy":"product_cat","embeddable":true,"href":"https:\/\/flamme-et-style.fr\/index.php?rest_route=%2Fwp%2Fv2%2Fproduct_cat&post=691"},{"taxonomy":"product_tag","embeddable":true,"href":"https:\/\/flamme-et-style.fr\/index.php?rest_route=%2Fwp%2Fv2%2Fproduct_tag&post=691"}],"curies":[{"name":"wp","href":"https:\/\/api.w.org\/{rel}","templated":true}]}}