{"id":693,"date":"2026-03-26T16:44:31","date_gmt":"2026-03-26T15:44:31","guid":{"rendered":"https:\/\/flamme-et-style.fr\/?post_type=product&#038;p=693"},"modified":"2026-04-10T18:14:03","modified_gmt":"2026-04-10T16:14:03","slug":"norik","status":"publish","type":"product","link":"https:\/\/flamme-et-style.fr\/?product=norik","title":{"rendered":"INVICTA NORIK"},"content":{"rendered":"<p>&#8211; Am\u00e9nagez-vous un coin de paradis et<br \/>\nsuccombez aux d\u00e9lices et au bien \u00eatre<br \/>\nofferts par le tr\u00e8s actuel po\u00eale \u00e0 bois Norik.<br \/>\n&#8211; 100% Fonte<br \/>\n&#8211; Air secondaire r\u00e9glable<br \/>\n&#8211; Garantie constructeur 2 ans +<br \/>\nGarantie commerciale 3 ans<br \/>\nsi enregistrement du produit<\/p>\n","protected":false},"excerpt":{"rendered":"<p><a href=\"https:\/\/flamme-et-style.fr\/wp-content\/uploads\/2026\/03\/FP_NORIK.pdf\">Fiche Technique<\/a><\/p>\n","protected":false},"featured_media":1229,"comment_status":"open","ping_status":"closed","template":"","meta":[],"product_brand":[],"product_cat":[19],"product_tag":[],"class_list":{"0":"post-693","1":"product","2":"type-product","3":"status-publish","4":"has-post-thumbnail","6":"product_cat-poele-a-bois","8":"first","9":"instock","10":"shipping-taxable","11":"product-type-simple"},"_links":{"self":[{"href":"https:\/\/flamme-et-style.fr\/index.php?rest_route=\/wp\/v2\/product\/693","targetHints":{"allow":["GET"]}}],"collection":[{"href":"https:\/\/flamme-et-style.fr\/index.php?rest_route=\/wp\/v2\/product"}],"about":[{"href":"https:\/\/flamme-et-style.fr\/index.php?rest_route=\/wp\/v2\/types\/product"}],"replies":[{"embeddable":true,"href":"https:\/\/flamme-et-style.fr\/index.php?rest_route=%2Fwp%2Fv2%2Fcomments&post=693"}],"wp:featuredmedia":[{"embeddable":true,"href":"https:\/\/flamme-et-style.fr\/index.php?rest_route=\/wp\/v2\/media\/1229"}],"wp:attachment":[{"href":"https:\/\/flamme-et-style.fr\/index.php?rest_route=%2Fwp%2Fv2%2Fmedia&parent=693"}],"wp:term":[{"taxonomy":"product_brand","embeddable":true,"href":"https:\/\/flamme-et-style.fr\/index.php?rest_route=%2Fwp%2Fv2%2Fproduct_brand&post=693"},{"taxonomy":"product_cat","embeddable":true,"href":"https:\/\/flamme-et-style.fr\/index.php?rest_route=%2Fwp%2Fv2%2Fproduct_cat&post=693"},{"taxonomy":"product_tag","embeddable":true,"href":"https:\/\/flamme-et-style.fr\/index.php?rest_route=%2Fwp%2Fv2%2Fproduct_tag&post=693"}],"curies":[{"name":"wp","href":"https:\/\/api.w.org\/{rel}","templated":true}]}}